{"id":2,"date":"2011-09-12T20:18:03","date_gmt":"2011-09-12T20:18:03","guid":{"rendered":"http:\/\/www.aikido-gignaclanerthe.com\/?page_id=2"},"modified":"2015-09-30T09:31:25","modified_gmt":"2015-09-30T07:31:25","slug":"les-fondations","status":"publish","type":"page","link":"https:\/\/www.aikido-gignaclanerthe.com\/?page_id=2","title":{"rendered":"Notre Histoire"},"content":{"rendered":"<p><strong>UESHIBA Morihei (1883-1969)<\/strong><\/p>\n<p><a href=\"http:\/\/www.aikido-gignaclanerthe.com\/wp-content\/uploads\/2011\/09\/Ueshiba.jpg\"><img loading=\"lazy\" class=\"alignleft size-medium wp-image-16\" title=\"Ueshiba\" src=\"http:\/\/www.aikido-gignaclanerthe.com\/wp-content\/uploads\/2011\/09\/Ueshiba-216x300.jpg\" alt=\"\" width=\"216\" height=\"300\" srcset=\"https:\/\/www.aikido-gignaclanerthe.com\/wp-content\/uploads\/2011\/09\/Ueshiba-216x300.jpg 216w, https:\/\/www.aikido-gignaclanerthe.com\/wp-content\/uploads\/2011\/09\/Ueshiba-737x1024.jpg 737w, https:\/\/www.aikido-gignaclanerthe.com\/wp-content\/uploads\/2011\/09\/Ueshiba.jpg 1155w\" sizes=\"(max-width: 216px) 100vw, 216px\" \/><\/a><\/p>\n<p>Il est le fondateur de l&rsquo;a\u00efkido. En adaptant les techniques guerri\u00e8res ancestrales japonaises, il a contribu\u00e9, avec Jigor\u014d Kan\u014d et Gichin Funakoshi, \u00e0 la conservation de ce savoir menac\u00e9 d&rsquo;oubli par la modernisation de la soci\u00e9t\u00e9 japonaise.<\/p>\n<p>Une de ses grandes motivations \u00e9tait de promouvoir la paix en enseignant un art accessible \u00e0 tous et bas\u00e9 sur la n\u00e9gation de la violence, l&rsquo;union des efforts (un des sens de <em>aiki<\/em>) et non leur opposition.<\/p>\n<p>&nbsp;<\/p>\n<p>&nbsp;<\/p>\n<p><strong>TAMURA Nobuyoshi (1933-2010)<\/strong><\/p>\n<p><a href=\"http:\/\/www.aikido-gignaclanerthe.com\/wp-content\/uploads\/2011\/09\/Tamura.jpg\"><img loading=\"lazy\" class=\"alignleft size-medium wp-image-18\" title=\"Tamura\" src=\"http:\/\/www.aikido-gignaclanerthe.com\/wp-content\/uploads\/2011\/09\/Tamura-199x300.jpg\" alt=\"\" width=\"199\" height=\"300\" srcset=\"https:\/\/www.aikido-gignaclanerthe.com\/wp-content\/uploads\/2011\/09\/Tamura-199x300.jpg 199w, https:\/\/www.aikido-gignaclanerthe.com\/wp-content\/uploads\/2011\/09\/Tamura-680x1024.jpg 680w, https:\/\/www.aikido-gignaclanerthe.com\/wp-content\/uploads\/2011\/09\/Tamura.jpg 2000w\" sizes=\"(max-width: 199px) 100vw, 199px\" \/><\/a>Disciple du fondateur de l&rsquo;Aikido (<em>uchi deshi<\/em>), il s&rsquo;installe en France en 1964 et entreprend de d\u00e9velopper la pratique de l&rsquo;A\u00efkido en France et en Europe.<\/p>\n<p>Il devient ainsi directeur technique national de la F\u00e9d\u00e9ration fran\u00e7aise d&rsquo;a\u00efkido et de budo. Kishomaru Ueshiba, fils du fondateur, lui attribue le 8<sup>e<\/sup> dan.<\/p>\n<p>Il aurait atteint le 9<sup>e<\/sup> dan, mais refuse ce grade, que seul aurait pu lui remettre son ma\u00eetre d\u00e9c\u00e9d\u00e9. Il animait comme de nombreux autres ma\u00eetres des stages d&rsquo;a\u00efkido \u00e0 travers diff\u00e9rents pays.<\/p>\n<p>&nbsp;<\/p>\n<p>Son dojo, le dojo Shumeikan, est situ\u00e9 dans le village de Bras (Var, France). Il meurt en 2010 \u00e0 l&rsquo;\u00e2ge de 77 ans.<\/p>\n<p><strong>LE CLUB<br \/>\n<\/strong><\/p>\n<p>En 1961, la section Aikido (Mutuelle Sport Marignane) ouvre ses portes dans la commune de Marignane afin d&rsquo;accueillir les nouveaux adeptes de cette discipline. CERBONI Albert, entrepreneur menuiser, \u00e9tait \u00e0 la fois pr\u00e9sident et professeur de cette section.<\/p>\n<p>En Novembre\u00a01964, TAMURA Sensei arrive en France et nous fait l&rsquo;honneur d&rsquo;y enseigner \u00e0 son tour le mardi, le vendredi et parfois m\u00eame le samedi matin.<\/p>\n<p><a href=\"http:\/\/www.aikido-gignaclanerthe.com\/wp-content\/uploads\/2011\/09\/Jean+Tamura.png\"><img loading=\"lazy\" class=\"alignleft size-medium wp-image-19\" title=\"Jean+Tamura\" src=\"http:\/\/www.aikido-gignaclanerthe.com\/wp-content\/uploads\/2011\/09\/Jean+Tamura-300x227.png\" alt=\"\" width=\"300\" height=\"227\" srcset=\"https:\/\/www.aikido-gignaclanerthe.com\/wp-content\/uploads\/2011\/09\/Jean+Tamura-300x227.png 300w, https:\/\/www.aikido-gignaclanerthe.com\/wp-content\/uploads\/2011\/09\/Jean+Tamura-395x300.png 395w, https:\/\/www.aikido-gignaclanerthe.com\/wp-content\/uploads\/2011\/09\/Jean+Tamura.png 790w\" sizes=\"(max-width: 300px) 100vw, 300px\" \/><\/a><\/p>\n<p>&nbsp;<\/p>\n<p>&nbsp;<\/p>\n<p>&nbsp;<\/p>\n<p>En 1986, gr\u00e2ce \u00e0 CERBONI Albert, devenu maire de Gignac la Nerthe, la section Aikido de Marignane s&rsquo;installe \u00e0 Gignac (CSCG).<\/p>\n<p>&nbsp;<\/p>\n<p>&nbsp;<\/p>\n<p>Ce n&rsquo;est qu&rsquo;en Novembre 1996 que la section A\u00efkido, dont les professeurs sont TAMURA Sensei et Jean LLAVERIA, devient \u00ab association 1901 \u00bb avec le nom d&rsquo;A\u00efkido Club Gignac la Nerthe<\/p>\n<p>&nbsp;<\/p>\n<p><a href=\"http:\/\/www.aikido-gignaclanerthe.com\/wp-content\/uploads\/2011\/09\/Tamura+Jean+Cerboni.png\"><img loading=\"lazy\" class=\"alignright size-medium wp-image-20\" title=\"Tamura+Jean+Cerboni\" src=\"http:\/\/www.aikido-gignaclanerthe.com\/wp-content\/uploads\/2011\/09\/Tamura+Jean+Cerboni-300x190.png\" alt=\"\" width=\"300\" height=\"190\" srcset=\"https:\/\/www.aikido-gignaclanerthe.com\/wp-content\/uploads\/2011\/09\/Tamura+Jean+Cerboni-300x190.png 300w, https:\/\/www.aikido-gignaclanerthe.com\/wp-content\/uploads\/2011\/09\/Tamura+Jean+Cerboni-473x300.png 473w, https:\/\/www.aikido-gignaclanerthe.com\/wp-content\/uploads\/2011\/09\/Tamura+Jean+Cerboni.png 879w\" sizes=\"(max-width: 300px) 100vw, 300px\" \/><\/a>L&rsquo;enseignement de TAMURA Sensei au sein de cette section dura plus de 25 ans.<\/p>\n<p>&nbsp;<\/p>\n<p>&nbsp;<\/p>\n<p>&nbsp;<\/p>\n<p>Sources: <a href=\"http:\/\/fr.wikipedia.org\/wiki\/Wikip%C3%A9dia:Accueil_principal\" target=\"_blank\">Wikip\u00e9dia<\/a><\/p>\n","protected":false},"excerpt":{"rendered":"<p>UESHIBA Morihei (1883-1969) Il est le fondateur de l&rsquo;a\u00efkido. En adaptant les techniques guerri\u00e8res ancestrales japonaises, il a contribu\u00e9, avec Jigor\u014d Kan\u014d et Gichin Funakoshi, \u00e0 la conservation de ce savoir menac\u00e9 d&rsquo;oubli par la modernisation de la soci\u00e9t\u00e9 japonaise. &hellip; <a href=\"https:\/\/www.aikido-gignaclanerthe.com\/?page_id=2\">Continuer la lecture <span class=\"meta-nav\">&rarr;<\/span><\/a><\/p>\n","protected":false},"author":1,"featured_media":0,"parent":0,"menu_order":0,"comment_status":"closed","ping_status":"closed","template":"","meta":[],"_links":{"self":[{"href":"https:\/\/www.aikido-gignaclanerthe.com\/index.php?rest_route=\/wp\/v2\/pages\/2"}],"collection":[{"href":"https:\/\/www.aikido-gignaclanerthe.com\/index.php?rest_route=\/wp\/v2\/pages"}],"about":[{"href":"https:\/\/www.aikido-gignaclanerthe.com\/index.php?rest_route=\/wp\/v2\/types\/page"}],"author":[{"embeddable":true,"href":"https:\/\/www.aikido-gignaclanerthe.com\/index.php?rest_route=\/wp\/v2\/users\/1"}],"replies":[{"embeddable":true,"href":"https:\/\/www.aikido-gignaclanerthe.com\/index.php?rest_route=%2Fwp%2Fv2%2Fcomments&post=2"}],"version-history":[{"count":15,"href":"https:\/\/www.aikido-gignaclanerthe.com\/index.php?rest_route=\/wp\/v2\/pages\/2\/revisions"}],"predecessor-version":[{"id":508,"href":"https:\/\/www.aikido-gignaclanerthe.com\/index.php?rest_route=\/wp\/v2\/pages\/2\/revisions\/508"}],"wp:attachment":[{"href":"https:\/\/www.aikido-gignaclanerthe.com\/index.php?rest_route=%2Fwp%2Fv2%2Fmedia&parent=2"}],"curies":[{"name":"wp","href":"https:\/\/api.w.org\/{rel}","templated":true}]}}