{"id":22,"date":"2022-06-02T13:39:07","date_gmt":"2022-06-02T11:39:07","guid":{"rendered":"http:\/\/www.aikido-gignaclanerthe.com\/?page_id=22"},"modified":"2024-09-05T10:53:17","modified_gmt":"2024-09-05T08:53:17","slug":"organisation-des-cours","status":"publish","type":"page","link":"https:\/\/www.aikido-gignaclanerthe.com\/?page_id=22","title":{"rendered":"Organisation des cours"},"content":{"rendered":"<p><a href=\"http:\/\/www.aikido-gignaclanerthe.com\/wp-content\/uploads\/2011\/09\/jean.jpg\"><img loading=\"lazy\" class=\"alignleft size-medium wp-image-23\" title=\"jean\" src=\"http:\/\/www.aikido-gignaclanerthe.com\/wp-content\/uploads\/2011\/09\/jean-225x300.jpg\" alt=\"\" width=\"225\" height=\"300\" srcset=\"https:\/\/www.aikido-gignaclanerthe.com\/wp-content\/uploads\/2011\/09\/jean-225x300.jpg 225w, https:\/\/www.aikido-gignaclanerthe.com\/wp-content\/uploads\/2011\/09\/jean.jpg 651w\" sizes=\"(max-width: 225px) 100vw, 225px\" \/><\/a>Les cours adultes sont dispens\u00e9s par Jean LLAVERIA, dipl\u00f4m\u00e9 d&rsquo;un Brevet d&rsquo;Etat 2e degr\u00e9s, 7e Dan et \u00e9l\u00e8ve de TAMURA Sensei pendant plus de 40 ann\u00e9es.<\/p>\n<p>Il commen\u00e7a l&rsquo;Aikido \u00e0 ses 15 ans et eut la chance de c\u00f4toyer gr\u00e2ce \u00e0 TAMURA Sensei de nombreux maitres d&rsquo;Aikido tels que NAKAZONO Sensei, CHIBA Sensei et bien d&rsquo;autres.<\/p>\n<p>Il commen\u00e7a \u00e0 enseigner l&rsquo;Aikido sous la tutelle de TAMURA Sensei en 1971 et continue depuis de nous transmettre cet h\u00e9ritage.<\/p>\n<p>\u00a0<\/p>\n<p>Les cours adultes sont accessibles \u00e0 partir de 15 ans. <br \/>Deux photos d&rsquo;identit\u00e9 ainsi qu&rsquo;un certificat m\u00e9dical de non contre-indication \u00e0 la pratique de\u00a0 l&rsquo;A\u00efkido sont obligatoire. Pour les mineurs une autorisation parentale est exig\u00e9e.<\/p>\n<p><strong>Horaires des cours adultes:<\/strong><\/p>\n<p>Mardi 19h00-20h30 Aikido<br \/>Vendredi 19h30-21h00 Aikido + Armes<\/p>\n<p><strong>Tarifications: <\/strong>licence incluse<\/p>\n<p>Cotisation Annuelle Adulte 277\u20ac (2 cours\/semaine) 217\u20ac (1 cour\/semaine)<br \/>Les prix sont \u00e9videmment d\u00e9gressifs en fonction de votre arriv\u00e9e dans l&rsquo;ann\u00e9e.<\/p>\n<p>\u00a0<\/p>\n\n\n<p><\/p>\n","protected":false},"excerpt":{"rendered":"<p>Les cours adultes sont dispens\u00e9s par Jean LLAVERIA, dipl\u00f4m\u00e9 d&rsquo;un Brevet d&rsquo;Etat 2e degr\u00e9s, 7e Dan et \u00e9l\u00e8ve de TAMURA Sensei pendant plus de 40 ann\u00e9es. Il commen\u00e7a l&rsquo;Aikido \u00e0 ses 15 ans et eut la chance de c\u00f4toyer gr\u00e2ce &hellip; <a href=\"https:\/\/www.aikido-gignaclanerthe.com\/?page_id=22\">Continuer la lecture <span class=\"meta-nav\">&rarr;<\/span><\/a><\/p>\n","protected":false},"author":1,"featured_media":0,"parent":0,"menu_order":1,"comment_status":"closed","ping_status":"closed","template":"","meta":[],"_links":{"self":[{"href":"https:\/\/www.aikido-gignaclanerthe.com\/index.php?rest_route=\/wp\/v2\/pages\/22"}],"collection":[{"href":"https:\/\/www.aikido-gignaclanerthe.com\/index.php?rest_route=\/wp\/v2\/pages"}],"about":[{"href":"https:\/\/www.aikido-gignaclanerthe.com\/index.php?rest_route=\/wp\/v2\/types\/page"}],"author":[{"embeddable":true,"href":"https:\/\/www.aikido-gignaclanerthe.com\/index.php?rest_route=\/wp\/v2\/users\/1"}],"replies":[{"embeddable":true,"href":"https:\/\/www.aikido-gignaclanerthe.com\/index.php?rest_route=%2Fwp%2Fv2%2Fcomments&post=22"}],"version-history":[{"count":58,"href":"https:\/\/www.aikido-gignaclanerthe.com\/index.php?rest_route=\/wp\/v2\/pages\/22\/revisions"}],"predecessor-version":[{"id":766,"href":"https:\/\/www.aikido-gignaclanerthe.com\/index.php?rest_route=\/wp\/v2\/pages\/22\/revisions\/766"}],"wp:attachment":[{"href":"https:\/\/www.aikido-gignaclanerthe.com\/index.php?rest_route=%2Fwp%2Fv2%2Fmedia&parent=22"}],"curies":[{"name":"wp","href":"https:\/\/api.w.org\/{rel}","templated":true}]}}